{"id":56,"date":"2017-01-18T16:56:25","date_gmt":"2017-01-18T15:56:25","guid":{"rendered":"https:\/\/www.charlieontour.de\/?page_id=56"},"modified":"2021-02-15T21:29:54","modified_gmt":"2021-02-15T20:29:54","slug":"charlie-fridolin-magirus-170-23-anw","status":"publish","type":"page","link":"https:\/\/www.charlieontour.de\/?page_id=56","title":{"rendered":"Charlie-Fridolin Magirus 170-23 ANW"},"content":{"rendered":"<p>Charlie-Fridolin war in seinem ersten Leben als Kipper und Schneeschieber\/Salzstreuer bei einer Autobahnmeisterei t\u00e4tig. Daher betr\u00e4gt das originale zul\u00e4ssige Gesamtgewicht 21,5 t.<br \/>\nDort wurde er von Horst, dem Vorbesitzer, bereits gefahren und bei dessen Renteneintritt von ihm \u00fcbernommen.<\/p>\n<p>Horst baute den Magirus zum Expeditionsfahrzeug um und unternahm mit seiner Frau Marianne mehrere gro\u00dfe Reisen durch Russland bis nach Magadan am Pazifik. Sie verbrachten mit dem Magirus einige Winter in Marokko.<\/p>\n<p>Anfang 2016 haben wir den Magirus \u00fcber einen Zwischenh\u00e4ndler gekauft und sind derzeit noch an der Restaurierung.<br \/>\nDas Fahrerhaus war mehr oder weniger komplett hin\u00fcber. Rost in nahezu allen Ecken und Enden. Rostl\u00f6cher im Dach, im Boden, an der R\u00fcckwand, der Frontmaske, den T\u00fcren, der Motorhaube und vieles mehr. Der Einstieg auf der rechten Seite war kaum noch vorhanden, der Linke bereits ersetzt, aber auch wieder komplett durch.<br \/>\nWir haben \u00fcber Monate hinweg viele viele qm Blech verarbeitet und St\u00fcck f\u00fcr St\u00fcck unser Lasterchen hergerichtet.<br \/>\nDer Aufbau ist nat\u00fcrlich ebenfalls etwas in die Jahre gekommen und wurde weitgehend modernisiert. Technisch gesehen, zumindest.<\/p>\n<h4>Fahrzeugdaten:<\/h4>\n<p>Iveco-Magirus 170-23 ANW<br \/>\n<strong>Motor<br \/>\n<\/strong>Deutz F8L513 (luftgek\u00fchlt, V8)<br \/>\n<strong>Hubraum\/Leistung<\/strong><br \/>\n13,4l \/ 237 PS\/2300 RPM<br \/>\n<strong>Antriebskonzept<\/strong><br \/>\nPermanenter Allradantrieb mit Hinterachs- und Verteilergetriebesperre<br \/>\n<strong>Bereifung<\/strong><br \/>\n14.00 R 20 Continental HCS<br \/>\n<strong>L\u00e4nge<\/strong><br \/>\n780 cm<br \/>\n<strong>Breite<\/strong><br \/>\n255 cm<br \/>\n<strong>H\u00f6he<br \/>\n<\/strong>350 cm<br \/>\n<strong>Leergewicht (Wohnmobilzulassung)<br \/>\n<\/strong>10,1 t<br \/>\n<strong>Zul\u00e4ssiges Gesamtgewicht<br \/>\n<\/strong>11,5 t<br \/>\n<strong>Technisch m\u00f6glich<br \/>\n<\/strong>21,5 t<br \/>\n<strong>Verbrauch auf 100 km<br \/>\n<\/strong>~28L<br \/>\n<strong>Tankkapazit\u00e4t<br \/>\n<\/strong>180L + 660L<br \/>\n<strong>Reichweite<br \/>\n<\/strong>3000 km<br \/>\n<strong>Extras<br \/>\n<\/strong>Fahrerhauslagerung mit Motorrad-Federbeinen verbessert<br \/>\n600W Dieselheizung vor Vorfilter<br \/>\nSepar 2000\/10\/H Vorfilter mit Metallsiebeinsatz als Wasserabscheider. Mit zus\u00e4tzlicher Heizung.<br \/>\nGr\u00f6\u00dfere Diesel-Hauptfilter<br \/>\nLuftgefederte Sitze<br \/>\nZus\u00e4tzliche Diesel-Luft-Heizung im Fahrerhaus<br \/>\nZusatz Fern- &amp; Nebelscheinwerfer<br \/>\n3,2t Greifzug<\/p>\n<h4>Aufbau:<\/h4>\n<p><strong>Heizung<\/strong><br \/>\nWebasto Diesel-Luft Heizung mit 5,5 kw<br \/>\n<strong>Wassertank<br \/>\n<\/strong>2x 300L<br \/>\n<strong>Batteriekapazit\u00e4t<br \/>\n<\/strong>2x 300 AH AGM 12V<br \/>\n<strong>Ladetechnik<br \/>\n<\/strong>Sterling A2B Laderegler 130A mit seperater 12V Lichtmaschine<br \/>\nSolaranlage mit 610W und Victron MPPT Reglern<br \/>\n12V 20A Landstrom Ladeger\u00e4t, wird eigentlich nie gebraucht<br \/>\n24V 10A Ladeger\u00e4t um mit Solar\u00fcberschuss die Fahrgestellbatterien zu laden<br \/>\n<strong>Warmwasser<br \/>\n<\/strong>Truma Gasboiler<br \/>\n<strong>Wassersystem<br \/>\n<\/strong>Druckwassersystem mit Shureflow Whisperking Pumpe, Aktivkohlefilter f\u00fcr besseren Geschmack. Damit filtern wir das zu Konservierungszwecken von uns eingebrachte Chlor und Silber sowie bereits im Wasser enthaltene Chemikalien heraus und machen es recht wohlschmeckend.<br \/>\n<strong>Toilette<br \/>\n<\/strong>Thetford C200 Toilette mit 2 Kassetten und Druckwasseranschluss<br \/>\n<strong>K\u00fchlschrank<br \/>\n<\/strong>Waeco MDC-110 Kompressork\u00fchlschrank mit 110L Volumen und Gefrierfach<\/p>\n<h1>Die Restaurierung Teil 1<\/h1>\n<p>Der erste Teil der Renovierung begann mit der rechten Seite des Fahrerhauses, der Front und der Motorhaube. Anschlie\u00dfend haben wir den Reserverad-Tr\u00e4ger sowie den Rahmen rechts aufgearbeitet.<br \/>\nDer Unterfahrschutz hinten war so durchrostet, dass er komplett durch neuen Stahl ersetzt wurde.<\/p>\n<p>Rechter Kotfl\u00fcgel<img loading=\"lazy\" decoding=\"async\" class=\"alignnone size-full wp-image-117\" src=\"https:\/\/www.charlieontour.de\/wp-content\/uploads\/2017\/01\/WP_20160402_09_30_16_Pro-1.jpg\" alt=\"\" width=\"1840\" height=\"3264\" \/> <img loading=\"lazy\" decoding=\"async\" class=\"alignnone size-full wp-image-90\" src=\"https:\/\/www.charlieontour.de\/wp-content\/uploads\/2017\/01\/WP_20160402_12_30_49_Pro.jpg\" alt=\"\" width=\"3264\" height=\"1840\" \/><\/p>\n<p>Die Trittstufe rechts hatte es komplett hinter sich. Der Vorbesitzer hat schon ein Blech \u00fcber den Rost mit Karosseriekleber gefrickelt.<img loading=\"lazy\" decoding=\"async\" class=\"alignnone size-full wp-image-74\" src=\"https:\/\/www.charlieontour.de\/wp-content\/uploads\/2017\/01\/WP_20160406_17_55_23_Pro.jpg\" alt=\"\" width=\"2000\" height=\"1127\" \/><\/p>\n<p>Der Einstieg ist auch hin\u00fcber und wird komplett neu gebaut.<img loading=\"lazy\" decoding=\"async\" class=\"alignnone size-full wp-image-88\" src=\"https:\/\/www.charlieontour.de\/wp-content\/uploads\/2017\/01\/WP_20160409_14_32_16_Pro.jpg\" alt=\"\" width=\"3264\" height=\"1840\" \/><\/p>\n<p><img loading=\"lazy\" decoding=\"async\" class=\"alignnone size-full wp-image-119\" src=\"https:\/\/www.charlieontour.de\/wp-content\/uploads\/2017\/01\/WP_20160402_09_30_16_Pro-2.jpg\" alt=\"\" width=\"1840\" height=\"3264\" \/> <img loading=\"lazy\" decoding=\"async\" class=\"alignnone size-full wp-image-93\" src=\"https:\/\/www.charlieontour.de\/wp-content\/uploads\/2017\/01\/WP_20160424_13_45_39_Pro.jpg\" alt=\"\" width=\"3264\" height=\"1840\" \/><\/p>\n<p>Das Blech dient lediglich der Verst\u00e4rkung, da es etwas durchbog beim dar\u00fcber laufen.<img loading=\"lazy\" decoding=\"async\" class=\"alignnone size-full wp-image-99\" src=\"https:\/\/www.charlieontour.de\/wp-content\/uploads\/2017\/01\/WP_20160521_15_35_42_Pro.jpg\" alt=\"\" width=\"3264\" height=\"1840\" \/><img loading=\"lazy\" decoding=\"async\" class=\"alignnone size-full wp-image-121\" src=\"https:\/\/www.charlieontour.de\/wp-content\/uploads\/2017\/01\/WP_20160402_09_30_16_Pro-3.jpg\" alt=\"\" width=\"1840\" height=\"3264\" \/> <img loading=\"lazy\" decoding=\"async\" class=\"alignnone size-full wp-image-100\" src=\"https:\/\/www.charlieontour.de\/wp-content\/uploads\/2017\/01\/WP_20160424_12_27_54_Pro.jpg\" alt=\"\" width=\"3264\" height=\"1840\" \/> <img loading=\"lazy\" decoding=\"async\" class=\"alignnone size-full wp-image-96\" src=\"https:\/\/www.charlieontour.de\/wp-content\/uploads\/2017\/01\/WP_20160519_19_52_19_Pro.jpg\" alt=\"\" width=\"3264\" height=\"1840\" \/> Mein Vater bei der Arbeit! Vielen Dank f\u00fcr deine Hilfe! <img loading=\"lazy\" decoding=\"async\" class=\"alignnone size-full wp-image-122\" src=\"https:\/\/www.charlieontour.de\/wp-content\/uploads\/2017\/01\/WP_20160605_10_02_32_Pro-1.jpg\" alt=\"\" width=\"1840\" height=\"3264\" \/><img loading=\"lazy\" decoding=\"async\" class=\"alignnone size-full wp-image-73\" src=\"https:\/\/www.charlieontour.de\/wp-content\/uploads\/2017\/01\/WP_20160611_09_51_54_Pro.jpg\" alt=\"\" width=\"2000\" height=\"1127\" \/> Die Haube sah auch schon mal besser aus, Zeit das zu \u00e4ndern!<img loading=\"lazy\" decoding=\"async\" class=\"alignnone size-full wp-image-72\" src=\"https:\/\/www.charlieontour.de\/wp-content\/uploads\/2017\/01\/WP_20160611_13_07_13_Pro.jpg\" alt=\"\" width=\"2000\" height=\"1127\" \/> <img loading=\"lazy\" decoding=\"async\" class=\"alignnone size-full wp-image-76\" src=\"https:\/\/www.charlieontour.de\/wp-content\/uploads\/2017\/01\/WP_20160611_10_57_24_Pro.jpg\" alt=\"\" width=\"2000\" height=\"1127\" \/> <img loading=\"lazy\" decoding=\"async\" class=\"alignnone size-full wp-image-87\" src=\"https:\/\/www.charlieontour.de\/wp-content\/uploads\/2017\/01\/WP_20160630_18_51_10_Pro.jpg\" alt=\"\" width=\"3264\" height=\"1840\" \/><\/p>\n<p>Sehr knifflig und filigran war die Aufarbeitung des Fensterrahmes des Drehfensters.<img loading=\"lazy\" decoding=\"async\" class=\"alignnone size-full wp-image-102\" src=\"https:\/\/www.charlieontour.de\/wp-content\/uploads\/2017\/01\/WP_20160719_18_13_36_Pro.jpg\" alt=\"\" width=\"3264\" height=\"1840\" \/> <img loading=\"lazy\" decoding=\"async\" class=\"alignnone size-full wp-image-78\" src=\"https:\/\/www.charlieontour.de\/wp-content\/uploads\/2017\/01\/WP_20160719_18_12_35_Pro.jpg\" alt=\"\" width=\"2000\" height=\"1127\" \/> <img loading=\"lazy\" decoding=\"async\" class=\"alignnone size-full wp-image-85\" src=\"https:\/\/www.charlieontour.de\/wp-content\/uploads\/2017\/01\/WP_20160720_17_08_15_Pro.jpg\" alt=\"\" width=\"3264\" height=\"1840\" \/> <img loading=\"lazy\" decoding=\"async\" class=\"alignnone size-full wp-image-79\" src=\"https:\/\/www.charlieontour.de\/wp-content\/uploads\/2017\/01\/WP_20160521_14_41_32_Rich.jpg\" alt=\"\" width=\"3264\" height=\"1840\" \/><\/p>\n<p>Neue Schl\u00e4uche, etwas Lack und Pflege<img loading=\"lazy\" decoding=\"async\" class=\"alignnone size-full wp-image-75\" src=\"https:\/\/www.charlieontour.de\/wp-content\/uploads\/2017\/01\/WP_20160617_14_37_18_Pro.jpg\" alt=\"\" width=\"2000\" height=\"1127\" \/> <img loading=\"lazy\" decoding=\"async\" class=\"alignnone size-full wp-image-82\" src=\"https:\/\/www.charlieontour.de\/wp-content\/uploads\/2017\/01\/WP_20160605_11_06_15_Pro.jpg\" alt=\"\" width=\"3264\" height=\"1840\" \/><\/p>\n<p>Anprobe <img loading=\"lazy\" decoding=\"async\" class=\"alignnone size-full wp-image-123\" src=\"https:\/\/www.charlieontour.de\/wp-content\/uploads\/2017\/01\/WP_20160507_12_00_35_Pro-1.jpg\" alt=\"\" width=\"1790\" height=\"3175\" \/><img loading=\"lazy\" decoding=\"async\" class=\"alignnone size-full wp-image-95\" src=\"https:\/\/www.charlieontour.de\/wp-content\/uploads\/2017\/01\/WP_20160613_15_23_41_Pro.jpg\" alt=\"\" width=\"3264\" height=\"1840\" \/><\/p>\n<p>Der Scheibenrahmen wurde ebenfalls aufgearbeitet und konserviert.<img loading=\"lazy\" decoding=\"async\" class=\"alignnone size-full wp-image-98\" src=\"https:\/\/www.charlieontour.de\/wp-content\/uploads\/2017\/01\/WP_20160716_09_46_50_Pro.jpg\" alt=\"\" width=\"3264\" height=\"1840\" \/><\/p>\n<p><img loading=\"lazy\" decoding=\"async\" class=\"alignnone size-full wp-image-94\" src=\"https:\/\/www.charlieontour.de\/wp-content\/uploads\/2017\/01\/WP_20160716_14_18_31_Pro.jpg\" alt=\"\" width=\"3264\" height=\"1840\" \/><\/p>\n<p>Schalld\u00e4mmung unter dem neuen Boden<img loading=\"lazy\" decoding=\"async\" class=\"alignnone size-full wp-image-103\" src=\"https:\/\/www.charlieontour.de\/wp-content\/uploads\/2017\/01\/WP_20160728_20_16_36_Rich.jpg\" alt=\"\" width=\"1280\" height=\"720\" \/><\/p>\n<p><img loading=\"lazy\" decoding=\"async\" class=\"alignnone size-full wp-image-110\" src=\"https:\/\/www.charlieontour.de\/wp-content\/uploads\/2017\/01\/b4aa7348-32f0-4fa7-8908-278a3b9755cb.jpg\" alt=\"\" width=\"800\" height=\"450\" \/><img loading=\"lazy\" decoding=\"async\" class=\"alignnone size-full wp-image-80\" src=\"https:\/\/www.charlieontour.de\/wp-content\/uploads\/2017\/01\/WP_20160724_16_29_48_Pro.jpg\" alt=\"\" width=\"3264\" height=\"1840\" \/><\/p>\n<p><img loading=\"lazy\" decoding=\"async\" class=\"alignnone size-full wp-image-86\" src=\"https:\/\/www.charlieontour.de\/wp-content\/uploads\/2017\/01\/WP_20160507_12_01_25_Pro.jpg\" alt=\"\" width=\"3264\" height=\"1840\" \/> <img loading=\"lazy\" decoding=\"async\" class=\"alignnone size-full wp-image-83\" src=\"https:\/\/www.charlieontour.de\/wp-content\/uploads\/2017\/01\/WP_20160617_14_36_24_Pro.jpg\" alt=\"\" width=\"3264\" height=\"1840\" \/><\/p>\n<p>Der Grill wurde mit Edelstahlblechen verst\u00e4rkt, da bereits einige Risse im PU waren.<img loading=\"lazy\" decoding=\"async\" class=\"alignnone size-full wp-image-81\" src=\"https:\/\/www.charlieontour.de\/wp-content\/uploads\/2017\/01\/WP_20160727_18_44_55_Pro.jpg\" alt=\"\" width=\"3264\" height=\"1840\" \/><\/p>\n<p>Rahmen und Hecktr\u00e4ger wurden ebenfalls aufgearbeitet<\/p>\n<p><img loading=\"lazy\" decoding=\"async\" class=\"alignnone size-full wp-image-113\" src=\"https:\/\/www.charlieontour.de\/wp-content\/uploads\/2017\/01\/WP_20160801_17_18_21_Pro.jpg\" alt=\"\" width=\"3264\" height=\"1840\" \/><img loading=\"lazy\" decoding=\"async\" class=\"alignnone size-full wp-image-111\" src=\"https:\/\/www.charlieontour.de\/wp-content\/uploads\/2017\/01\/WP_20160716_16_02_57_Pro.jpg\" alt=\"\" width=\"3264\" height=\"1840\" \/><\/p>\n<p><img loading=\"lazy\" decoding=\"async\" class=\"alignnone size-full wp-image-125\" src=\"https:\/\/www.charlieontour.de\/wp-content\/uploads\/2017\/01\/WP_20160801_17_18_06_Pro-3.jpg\" alt=\"\" width=\"1840\" height=\"3264\" \/><\/p>\n","protected":false},"excerpt":{"rendered":"<p>Charlie-Fridolin war in seinem ersten Leben als Kipper und Schneeschieber\/Salzstreuer bei einer Autobahnmeisterei t\u00e4tig. Daher betr\u00e4gt das originale zul\u00e4ssige Gesamtgewicht 21,5 t. Dort wurde er von Horst, dem Vorbesitzer, bereits gefahren und bei dessen Renteneintritt von ihm \u00fcbernommen. Horst baute den Magirus zum Expeditionsfahrzeug um und unternahm mit seiner Frau Marianne mehrere gro\u00dfe Reisen durch &hellip; <\/p>\n<p class=\"link-more\"><a href=\"https:\/\/www.charlieontour.de\/?page_id=56\" class=\"more-link\"><span class=\"screen-reader-text\">\u201eCharlie-Fridolin Magirus 170-23 ANW\u201c <\/span>weiterlesen<\/a><\/p>\n","protected":false},"author":1,"featured_media":57,"parent":11,"menu_order":0,"comment_status":"closed","ping_status":"closed","template":"","meta":{"footnotes":""},"class_list":["post-56","page","type-page","status-publish","has-post-thumbnail","hentry"],"_links":{"self":[{"href":"https:\/\/www.charlieontour.de\/index.php?rest_route=\/wp\/v2\/pages\/56","targetHints":{"allow":["GET"]}}],"collection":[{"href":"https:\/\/www.charlieontour.de\/index.php?rest_route=\/wp\/v2\/pages"}],"about":[{"href":"https:\/\/www.charlieontour.de\/index.php?rest_route=\/wp\/v2\/types\/page"}],"author":[{"embeddable":true,"href":"https:\/\/www.charlieontour.de\/index.php?rest_route=\/wp\/v2\/users\/1"}],"replies":[{"embeddable":true,"href":"https:\/\/www.charlieontour.de\/index.php?rest_route=%2Fwp%2Fv2%2Fcomments&post=56"}],"version-history":[{"count":17,"href":"https:\/\/www.charlieontour.de\/index.php?rest_route=\/wp\/v2\/pages\/56\/revisions"}],"predecessor-version":[{"id":1063,"href":"https:\/\/www.charlieontour.de\/index.php?rest_route=\/wp\/v2\/pages\/56\/revisions\/1063"}],"up":[{"embeddable":true,"href":"https:\/\/www.charlieontour.de\/index.php?rest_route=\/wp\/v2\/pages\/11"}],"wp:featuredmedia":[{"embeddable":true,"href":"https:\/\/www.charlieontour.de\/index.php?rest_route=\/wp\/v2\/media\/57"}],"wp:attachment":[{"href":"https:\/\/www.charlieontour.de\/index.php?rest_route=%2Fwp%2Fv2%2Fmedia&parent=56"}],"curies":[{"name":"wp","href":"https:\/\/api.w.org\/{rel}","templated":true}]}}