{"id":108,"date":"2017-01-27T07:40:30","date_gmt":"2017-01-27T06:40:30","guid":{"rendered":"https:\/\/www.charlieontour.de\/?page_id=108"},"modified":"2018-11-04T20:30:52","modified_gmt":"2018-11-04T19:30:52","slug":"transbaltika-2012","status":"publish","type":"page","link":"https:\/\/www.charlieontour.de\/?page_id=108","title":{"rendered":"Transbaltika 2012"},"content":{"rendered":"<p>Im Sommer 2012 unternahm ich eine Reise mit meiner KTM 950 Adventure.<br \/>\nMein Weg f\u00fchrte mich einmal um die Ostsee herum, zum Nordkapp und \u00fcber die Lofoten zur\u00fcck nach Hause.<\/p>\n<p>Es war eine herrliche Zeit. Das Motorrad und ich verschmolzen zu einer untrennbaren Einheit. Ich habe viele interessante Menschen kennengelernt.<\/p>\n<p>Hier ein kurzes Bilder-Video zur Reise!<\/p>\n<p><iframe loading=\"lazy\" title=\"Transbaltika 2012 - mit dem Motorrad um die Ostsee zum Nordkapp und zur\u00fcck\" width=\"525\" height=\"295\" src=\"https:\/\/www.youtube.com\/embed\/F-CFqIIrO90?feature=oembed\" frameborder=\"0\" allow=\"accelerometer; autoplay; clipboard-write; encrypted-media; gyroscope; picture-in-picture; web-share\" referrerpolicy=\"strict-origin-when-cross-origin\" allowfullscreen><\/iframe><\/p>\n","protected":false},"excerpt":{"rendered":"<p>Im Sommer 2012 unternahm ich eine Reise mit meiner KTM 950 Adventure. Mein Weg f\u00fchrte mich einmal um die Ostsee herum, zum Nordkapp und \u00fcber die Lofoten zur\u00fcck nach Hause. Es war eine herrliche Zeit. Das Motorrad und ich verschmolzen zu einer untrennbaren Einheit. Ich habe viele interessante Menschen kennengelernt. Hier ein kurzes Bilder-Video zur &hellip; <\/p>\n<p class=\"link-more\"><a href=\"https:\/\/www.charlieontour.de\/?page_id=108\" class=\"more-link\"><span class=\"screen-reader-text\">\u201eTransbaltika 2012\u201c <\/span>weiterlesen<\/a><\/p>\n","protected":false},"author":1,"featured_media":0,"parent":69,"menu_order":0,"comment_status":"closed","ping_status":"closed","template":"","meta":{"footnotes":""},"class_list":["post-108","page","type-page","status-publish","hentry"],"_links":{"self":[{"href":"https:\/\/www.charlieontour.de\/index.php?rest_route=\/wp\/v2\/pages\/108","targetHints":{"allow":["GET"]}}],"collection":[{"href":"https:\/\/www.charlieontour.de\/index.php?rest_route=\/wp\/v2\/pages"}],"about":[{"href":"https:\/\/www.charlieontour.de\/index.php?rest_route=\/wp\/v2\/types\/page"}],"author":[{"embeddable":true,"href":"https:\/\/www.charlieontour.de\/index.php?rest_route=\/wp\/v2\/users\/1"}],"replies":[{"embeddable":true,"href":"https:\/\/www.charlieontour.de\/index.php?rest_route=%2Fwp%2Fv2%2Fcomments&post=108"}],"version-history":[{"count":3,"href":"https:\/\/www.charlieontour.de\/index.php?rest_route=\/wp\/v2\/pages\/108\/revisions"}],"predecessor-version":[{"id":1003,"href":"https:\/\/www.charlieontour.de\/index.php?rest_route=\/wp\/v2\/pages\/108\/revisions\/1003"}],"up":[{"embeddable":true,"href":"https:\/\/www.charlieontour.de\/index.php?rest_route=\/wp\/v2\/pages\/69"}],"wp:attachment":[{"href":"https:\/\/www.charlieontour.de\/index.php?rest_route=%2Fwp%2Fv2%2Fmedia&parent=108"}],"curies":[{"name":"wp","href":"https:\/\/api.w.org\/{rel}","templated":true}]}}